{"id":230,"date":"2014-02-07T16:29:01","date_gmt":"2014-02-07T16:29:01","guid":{"rendered":"http:\/\/demo.themegrill.com\/radiate\/?page_id=2"},"modified":"2022-01-13T14:53:41","modified_gmt":"2022-01-13T14:53:41","slug":"sample-page-2-2","status":"publish","type":"page","link":"https:\/\/vykelida-statyba.lt\/statyba\/index.php\/sample-page-2-2\/","title":{"rendered":"Sertifikatai"},"content":{"rendered":"<section id=\"section_395779166\" class=\"section content-box section-border-no section-bborder-no section-height-content section-bgtype-no_bg section-fixed-background-no section-bgstyle-stretch section-triangle-no triangle-location-top parallax-section-no section-overlay-no section-overlay-dot-no \" data-video-ratio=\"\" data-parallax-speed=\"1\">\n<div class=\"container section-content\">\n<div class=\"row-fluid\">\n<div class=\"row-fluid equal-cheight-no element-padding-medium element-vpadding-medium\">\n<div class=\"section-column span12\">\n<div class=\"inner-content content-box textnone\">\n<div class=\"row-fluid element-padding-default element-vpadding-default \">\n<div class=\"section-column span6\">\n<div class=\"inner-content content-box textnone\">\n<div class=\"gap hidden-tablet hidden-mobile\"><\/div>\n<h3 class=\"title textleft style1 bw-2px dh-2px divider-primary bc-dark dw-default color-default\">KVALIFIKACIJOS ATESTATAS<\/h3>\n<div class=\"column-text \">\n<p>Atestatas suteikia teis\u0119 b\u016bti ypatingo statinio statybos rangovu.<\/p>\n<p>Statiniai: Gyvenamieji ir negyvenamieji pastatai.<\/p>\n<p>Statybos darb\u0173 sritys: statybini\u0173 konstrukcij\u0173 (betono, med\u017eio) statyba ir montavimas, stog\u0173 dengimas, apdailos darbai.<\/p>\n<\/div>\n<div class=\"gap \"><\/div>\n<\/div>\n<\/div>\n<\/div>\n<\/div>\n<\/div>\n<\/div>\n<\/div>\n<\/div>\n<\/section>\n<section id=\"section_1158699284\" class=\"section content-box section-border-no section-bborder-no section-height-content section-bgtype-no_bg section-fixed-background-no section-bgstyle-stretch section-triangle-no triangle-location-top parallax-section-no section-overlay-no section-overlay-dot-no \" data-video-ratio=\"\" data-parallax-speed=\"1\">\n<div class=\"section-overlay\"><\/div>\n<div class=\"container section-content\">\n<div class=\"row-fluid\">\n<div class=\"row-fluid equal-cheight-no element-padding-medium element-vpadding-medium\">\n<div class=\"section-column span12\">\n<div class=\"inner-content content-box textnone\">\n<div class=\"row-fluid element-padding-default element-vpadding-default \">\n<div class=\"section-column span6\">\n<div class=\"inner-content content-box textnone\">\n<div class=\"gap hidden-tablet hidden-mobile\"><\/div>\n<h3 class=\"title textleft style1 bw-2px dh-2px divider-primary bc-dark dw-default color-default\" style=\"text-align: right;\">KREISEL SERTIFIKATAS<\/h3>\n<div class=\"column-text \" style=\"text-align: right;\">\u0160iltimo sistemos naudojant KREISEL technologij\u0105<\/div>\n<div class=\"gap \" style=\"text-align: right;\"><\/div>\n<\/div>\n<\/div>\n<div class=\"section-column span6\">\n<div class=\"inner-content content-box textnone\">\n<div class=\"single-image-container img-align-none \">\n<div class=\"single-image animate-when-visible\" data-animation-delay=\"0\" data-animation-effect=\"fadeInRight\"><img loading=\"lazy\" decoding=\"async\" class=\"attachment-thumb-large alignright\" src=\"https:\/\/i2.wp.com\/vykelida-statyba.lt\/wp-content\/uploads\/2013\/12\/Kreisel-sertifikatas-spaustas.jpg?resize=324%2C448\" sizes=\"auto, (max-width: 324px) 100vw, 324px\" srcset=\"https:\/\/i2.wp.com\/vykelida-statyba.lt\/wp-content\/uploads\/2013\/12\/Kreisel-sertifikatas-spaustas.jpg?resize=324%2C448 324w, http:\/\/vykelida-statyba.lt\/wp-content\/uploads\/2013\/12\/Kreisel-sertifikatas-spaustas-217x300.jpg 217w\" alt=\"\" width=\"324\" height=\"448\" data-recalc-dims=\"1\" \/><\/div>\n<\/div>\n<\/div>\n<\/div>\n<\/div>\n<\/div>\n<\/div>\n<\/div>\n<\/div>\n<\/div>\n<\/section>\n<div class=\"section-overlay\">\n<h3 class=\"title textleft style1 bw-2px dh-2px divider-primary bc-dark dw-default color-default\">TERMO ORGANIKA SERTIFIKATAS<\/h3>\n<div class=\"column-text \">Fasad\u0173 \u0161iltinimas naudojant Termo Organika \u0161iltinimo technologij\u0105.<\/div>\n<\/div>\n<section id=\"section_803605512\" class=\"section content-box section-border-no section-bborder-no section-height-content section-bgtype-no_bg section-fixed-background-no section-bgstyle-stretch section-triangle-no triangle-location-top parallax-section-no section-overlay-no section-overlay-dot-no \" data-video-ratio=\"\" data-parallax-speed=\"1\">\n<div class=\"container section-content\">\n<div class=\"row-fluid\">\n<div class=\"row-fluid equal-cheight-no element-padding-medium element-vpadding-medium\">\n<div class=\"section-column span12\">\n<div class=\"inner-content content-box textnone\">\n<div class=\"row-fluid element-padding-default element-vpadding-default \">\n<div class=\"section-column span6\">\n<div class=\"inner-content content-box textnone\">\n<div class=\"single-image-container img-align-none \">\n<div class=\"single-image animate-when-visible\" data-animation-delay=\"0\" data-animation-effect=\"fadeInBottom\"><img loading=\"lazy\" decoding=\"async\" class=\"attachment-thumb-large\" src=\"https:\/\/i0.wp.com\/vykelida-statyba.lt\/wp-content\/uploads\/2013\/12\/Termo-Organika-sertifikatas-spaustas.jpg?resize=322%2C448\" sizes=\"auto, (max-width: 322px) 100vw, 322px\" srcset=\"https:\/\/i0.wp.com\/vykelida-statyba.lt\/wp-content\/uploads\/2013\/12\/Termo-Organika-sertifikatas-spaustas.jpg?resize=322%2C448 322w, http:\/\/vykelida-statyba.lt\/wp-content\/uploads\/2013\/12\/Termo-Organika-sertifikatas-spaustas-216x300.jpg 216w\" alt=\"\" width=\"322\" height=\"448\" data-recalc-dims=\"1\" \/><\/div>\n<\/div>\n<\/div>\n<\/div>\n<div class=\"section-column span6\">\n<div class=\"inner-content content-box textnone\">\n<div class=\"gap hidden-tablet hidden-mobile\"><\/div>\n<div class=\"column-text \"><\/div>\n<div class=\"gap \"><\/div>\n<\/div>\n<\/div>\n<\/div>\n<\/div>\n<\/div>\n<\/div>\n<\/div>\n<\/div>\n<\/section>\n<section id=\"section_1959141077\" class=\"section content-box section-border-no section-bborder-no section-height-content section-bgtype-no_bg section-fixed-background-no section-bgstyle-stretch section-triangle-no triangle-location-top parallax-section-no section-overlay-no section-overlay-dot-no \" data-video-ratio=\"\" data-parallax-speed=\"1\">\n<div class=\"section-overlay\" style=\"text-align: right;\"><\/div>\n<div class=\"container section-content\">\n<div class=\"row-fluid\">\n<div class=\"row-fluid equal-cheight-no element-padding-medium element-vpadding-medium\">\n<div class=\"section-column span12\">\n<div class=\"inner-content content-box textnone\">\n<div class=\"row-fluid element-padding-default element-vpadding-default \">\n<div class=\"section-column span6\">\n<div class=\"inner-content content-box textnone\">\n<h3 class=\"title textleft style1 bw-2px dh-2px divider-primary bc-dark dw-default color-default\" style=\"text-align: right;\">CERESIT SERTIFIKATAS<\/h3>\n<div class=\"column-text \" style=\"text-align: right;\">Turime kvalifikacijos sertifikat\u0105 darbui su \u201eCeresit Ceratherm\u201c sistemis.<\/div>\n<div class=\"gap \" style=\"text-align: right;\"><\/div>\n<\/div>\n<\/div>\n<div class=\"section-column span6\">\n<div class=\"inner-content content-box textnone\">\n<div class=\"single-image-container img-align-none \">\n<div class=\"single-image animate-when-visible\" data-animation-delay=\"0\" data-animation-effect=\"fadeInTop\"><\/div>\n<\/div>\n<\/div>\n<\/div>\n<\/div>\n<\/div>\n<\/div>\n<\/div>\n<\/div>\n<\/div>\n<\/section>\n","protected":false},"excerpt":{"rendered":"<p>KVALIFIKACIJOS ATESTATAS Atestatas suteikia teis\u0119 b\u016bti ypatingo statinio statybos rangovu. Statiniai: Gyvenamieji ir negyvenamieji pastatai. Statybos darb\u0173 sritys: statybini\u0173 konstrukcij\u0173 (betono, med\u017eio) statyba ir montavimas, stog\u0173 dengimas, apdailos darbai. KREISEL&hellip;<\/p>\n","protected":false},"author":4,"featured_media":0,"parent":0,"menu_order":0,"comment_status":"closed","ping_status":"closed","template":"","meta":{"spay_email":"","footnotes":""},"class_list":["post-230","page","type-page","status-publish","hentry","no-post-thumbnail"],"yoast_head":"<!-- This site is optimized with the Yoast SEO plugin v17.9 - https:\/\/yoast.com\/wordpress\/plugins\/seo\/ -->\n<title>Sertifikatai - Vykelida-statyba.lt<\/title>\n<meta name=\"robots\" content=\"index, follow, max-snippet:-1, max-image-preview:large, max-video-preview:-1\" \/>\n<link rel=\"canonical\" href=\"https:\/\/vykelida-statyba.lt\/statyba\/index.php\/sample-page-2-2\/\" \/>\n<meta property=\"og:locale\" content=\"lt_LT\" \/>\n<meta property=\"og:type\" content=\"article\" \/>\n<meta property=\"og:title\" content=\"Sertifikatai - Vykelida-statyba.lt\" \/>\n<meta property=\"og:description\" content=\"KVALIFIKACIJOS ATESTATAS Atestatas suteikia teis\u0119 b\u016bti ypatingo statinio statybos rangovu. Statiniai: Gyvenamieji ir negyvenamieji pastatai. Statybos darb\u0173 sritys: statybini\u0173 konstrukcij\u0173 (betono, med\u017eio) statyba ir montavimas, stog\u0173 dengimas, apdailos darbai. KREISEL&hellip;\" \/>\n<meta property=\"og:url\" content=\"https:\/\/vykelida-statyba.lt\/statyba\/index.php\/sample-page-2-2\/\" \/>\n<meta property=\"og:site_name\" content=\"Vykelida-statyba.lt\" \/>\n<meta property=\"article:modified_time\" content=\"2022-01-13T14:53:41+00:00\" \/>\n<meta property=\"og:image\" content=\"http:\/\/vykelida-statyba.lt\/wp-content\/uploads\/2013\/12\/Kreisel-sertifikatas-spaustas.jpg\" \/>\n<meta name=\"twitter:card\" content=\"summary_large_image\" \/>\n<script type=\"application\/ld+json\" class=\"yoast-schema-graph\">{\"@context\":\"https:\/\/schema.org\",\"@graph\":[{\"@type\":\"WebSite\",\"@id\":\"https:\/\/vykelida-statyba.lt\/statyba\/#website\",\"url\":\"https:\/\/vykelida-statyba.lt\/statyba\/\",\"name\":\"Vykelida-statyba.lt\",\"description\":\"statybos darbai\",\"potentialAction\":[{\"@type\":\"SearchAction\",\"target\":{\"@type\":\"EntryPoint\",\"urlTemplate\":\"https:\/\/vykelida-statyba.lt\/statyba\/?s={search_term_string}\"},\"query-input\":\"required name=search_term_string\"}],\"inLanguage\":\"lt-LT\"},{\"@type\":\"ImageObject\",\"@id\":\"https:\/\/vykelida-statyba.lt\/statyba\/index.php\/sample-page-2-2\/#primaryimage\",\"inLanguage\":\"lt-LT\",\"url\":\"http:\/\/vykelida-statyba.lt\/wp-content\/uploads\/2013\/12\/Kreisel-sertifikatas-spaustas.jpg\",\"contentUrl\":\"http:\/\/vykelida-statyba.lt\/wp-content\/uploads\/2013\/12\/Kreisel-sertifikatas-spaustas.jpg\"},{\"@type\":\"WebPage\",\"@id\":\"https:\/\/vykelida-statyba.lt\/statyba\/index.php\/sample-page-2-2\/#webpage\",\"url\":\"https:\/\/vykelida-statyba.lt\/statyba\/index.php\/sample-page-2-2\/\",\"name\":\"Sertifikatai - Vykelida-statyba.lt\",\"isPartOf\":{\"@id\":\"https:\/\/vykelida-statyba.lt\/statyba\/#website\"},\"primaryImageOfPage\":{\"@id\":\"https:\/\/vykelida-statyba.lt\/statyba\/index.php\/sample-page-2-2\/#primaryimage\"},\"datePublished\":\"2014-02-07T16:29:01+00:00\",\"dateModified\":\"2022-01-13T14:53:41+00:00\",\"breadcrumb\":{\"@id\":\"https:\/\/vykelida-statyba.lt\/statyba\/index.php\/sample-page-2-2\/#breadcrumb\"},\"inLanguage\":\"lt-LT\",\"potentialAction\":[{\"@type\":\"ReadAction\",\"target\":[\"https:\/\/vykelida-statyba.lt\/statyba\/index.php\/sample-page-2-2\/\"]}]},{\"@type\":\"BreadcrumbList\",\"@id\":\"https:\/\/vykelida-statyba.lt\/statyba\/index.php\/sample-page-2-2\/#breadcrumb\",\"itemListElement\":[{\"@type\":\"ListItem\",\"position\":1,\"name\":\"Home\",\"item\":\"https:\/\/vykelida-statyba.lt\/statyba\/\"},{\"@type\":\"ListItem\",\"position\":2,\"name\":\"Sertifikatai\"}]}]}<\/script>\n<!-- \/ Yoast SEO plugin. -->","yoast_head_json":{"title":"Sertifikatai - Vykelida-statyba.lt","robots":{"index":"index","follow":"follow","max-snippet":"max-snippet:-1","max-image-preview":"max-image-preview:large","max-video-preview":"max-video-preview:-1"},"canonical":"https:\/\/vykelida-statyba.lt\/statyba\/index.php\/sample-page-2-2\/","og_locale":"lt_LT","og_type":"article","og_title":"Sertifikatai - Vykelida-statyba.lt","og_description":"KVALIFIKACIJOS ATESTATAS Atestatas suteikia teis\u0119 b\u016bti ypatingo statinio statybos rangovu. Statiniai: Gyvenamieji ir negyvenamieji pastatai. Statybos darb\u0173 sritys: statybini\u0173 konstrukcij\u0173 (betono, med\u017eio) statyba ir montavimas, stog\u0173 dengimas, apdailos darbai. KREISEL&hellip;","og_url":"https:\/\/vykelida-statyba.lt\/statyba\/index.php\/sample-page-2-2\/","og_site_name":"Vykelida-statyba.lt","article_modified_time":"2022-01-13T14:53:41+00:00","og_image":[{"url":"http:\/\/vykelida-statyba.lt\/wp-content\/uploads\/2013\/12\/Kreisel-sertifikatas-spaustas.jpg"}],"twitter_card":"summary_large_image","schema":{"@context":"https:\/\/schema.org","@graph":[{"@type":"WebSite","@id":"https:\/\/vykelida-statyba.lt\/statyba\/#website","url":"https:\/\/vykelida-statyba.lt\/statyba\/","name":"Vykelida-statyba.lt","description":"statybos darbai","potentialAction":[{"@type":"SearchAction","target":{"@type":"EntryPoint","urlTemplate":"https:\/\/vykelida-statyba.lt\/statyba\/?s={search_term_string}"},"query-input":"required name=search_term_string"}],"inLanguage":"lt-LT"},{"@type":"ImageObject","@id":"https:\/\/vykelida-statyba.lt\/statyba\/index.php\/sample-page-2-2\/#primaryimage","inLanguage":"lt-LT","url":"http:\/\/vykelida-statyba.lt\/wp-content\/uploads\/2013\/12\/Kreisel-sertifikatas-spaustas.jpg","contentUrl":"http:\/\/vykelida-statyba.lt\/wp-content\/uploads\/2013\/12\/Kreisel-sertifikatas-spaustas.jpg"},{"@type":"WebPage","@id":"https:\/\/vykelida-statyba.lt\/statyba\/index.php\/sample-page-2-2\/#webpage","url":"https:\/\/vykelida-statyba.lt\/statyba\/index.php\/sample-page-2-2\/","name":"Sertifikatai - Vykelida-statyba.lt","isPartOf":{"@id":"https:\/\/vykelida-statyba.lt\/statyba\/#website"},"primaryImageOfPage":{"@id":"https:\/\/vykelida-statyba.lt\/statyba\/index.php\/sample-page-2-2\/#primaryimage"},"datePublished":"2014-02-07T16:29:01+00:00","dateModified":"2022-01-13T14:53:41+00:00","breadcrumb":{"@id":"https:\/\/vykelida-statyba.lt\/statyba\/index.php\/sample-page-2-2\/#breadcrumb"},"inLanguage":"lt-LT","potentialAction":[{"@type":"ReadAction","target":["https:\/\/vykelida-statyba.lt\/statyba\/index.php\/sample-page-2-2\/"]}]},{"@type":"BreadcrumbList","@id":"https:\/\/vykelida-statyba.lt\/statyba\/index.php\/sample-page-2-2\/#breadcrumb","itemListElement":[{"@type":"ListItem","position":1,"name":"Home","item":"https:\/\/vykelida-statyba.lt\/statyba\/"},{"@type":"ListItem","position":2,"name":"Sertifikatai"}]}]}},"_links":{"self":[{"href":"https:\/\/vykelida-statyba.lt\/statyba\/index.php\/wp-json\/wp\/v2\/pages\/230","targetHints":{"allow":["GET"]}}],"collection":[{"href":"https:\/\/vykelida-statyba.lt\/statyba\/index.php\/wp-json\/wp\/v2\/pages"}],"about":[{"href":"https:\/\/vykelida-statyba.lt\/statyba\/index.php\/wp-json\/wp\/v2\/types\/page"}],"author":[{"embeddable":true,"href":"https:\/\/vykelida-statyba.lt\/statyba\/index.php\/wp-json\/wp\/v2\/users\/4"}],"replies":[{"embeddable":true,"href":"https:\/\/vykelida-statyba.lt\/statyba\/index.php\/wp-json\/wp\/v2\/comments?post=230"}],"version-history":[{"count":5,"href":"https:\/\/vykelida-statyba.lt\/statyba\/index.php\/wp-json\/wp\/v2\/pages\/230\/revisions"}],"predecessor-version":[{"id":8202,"href":"https:\/\/vykelida-statyba.lt\/statyba\/index.php\/wp-json\/wp\/v2\/pages\/230\/revisions\/8202"}],"wp:attachment":[{"href":"https:\/\/vykelida-statyba.lt\/statyba\/index.php\/wp-json\/wp\/v2\/media?parent=230"}],"curies":[{"name":"wp","href":"https:\/\/api.w.org\/{rel}","templated":true}]}}