{"id":4074,"date":"2014-08-26T08:32:28","date_gmt":"2014-08-26T08:32:28","guid":{"rendered":"http:\/\/localhost\/akal\/?page_id=4074"},"modified":"2022-01-13T14:59:44","modified_gmt":"2022-01-13T14:59:44","slug":"about-us-2","status":"publish","type":"page","link":"https:\/\/vykelida-statyba.lt\/statyba\/index.php\/pages\/about-us-2\/","title":{"rendered":"Apie Mus"},"content":{"rendered":"<p><span class=\"dropcap container-\">M<\/span>oderni ir lanksti statybin\u0117 bendrov\u0117 Lietuvoje, turinti ilgamet\u0119 patirt\u012f pastat\u0173 renovacijos srityje.\u00a0Kuri gali darb\u0105 atlikti nepriekai\u0161tingai, laiku ir kokybi\u0161kai, laikantis vis\u0173 normatyv\u0173. Patenkinti u\u017esakov\u0173 l\u016bkes\u010dius bei klient\u0173 poreikius, tod\u0117l didelis d\u0117mesys skiriamas glaud\u017eiam tarpusavio bendradarbiavimui, nes tik randant bendr\u0105 kalb\u0105 ir supratim\u0105 galima pasiekti optimali\u0173 rezultat\u0173.<\/p>\n<p>&nbsp;<\/p>\n<p>Didel\u012f d\u0117mes\u012f skiriame ry\u0161i\u0173 su tiek\u0117jais bei partneriais stiprinimui, moderni\u0173 statyb\u0173 technologij\u0173 ir novatori\u0161k\u0173 sprendim\u0173 taikymui kiekviename statyb\u0173 proceso etape.<\/p>\n","protected":false},"excerpt":{"rendered":"<p>Moderni ir lanksti statybin\u0117 bendrov\u0117 Lietuvoje, turinti ilgamet\u0119 patirt\u012f pastat\u0173 renovacijos srityje.\u00a0Kuri gali darb\u0105 atlikti nepriekai\u0161tingai, laiku ir kokybi\u0161kai, laikantis vis\u0173 normatyv\u0173. Patenkinti u\u017esakov\u0173 l\u016bkes\u010dius bei klient\u0173 poreikius, tod\u0117l didelis&hellip;<\/p>\n","protected":false},"author":4,"featured_media":0,"parent":4022,"menu_order":0,"comment_status":"open","ping_status":"closed","template":"","meta":{"spay_email":"","footnotes":""},"class_list":["post-4074","page","type-page","status-publish","hentry","no-post-thumbnail"],"yoast_head":"<!-- This site is optimized with the Yoast SEO plugin v17.9 - https:\/\/yoast.com\/wordpress\/plugins\/seo\/ -->\n<title>Apie Mus - Vykelida-statyba.lt<\/title>\n<meta name=\"robots\" content=\"index, follow, max-snippet:-1, max-image-preview:large, max-video-preview:-1\" \/>\n<link rel=\"canonical\" href=\"https:\/\/vykelida-statyba.lt\/statyba\/index.php\/pages\/about-us-2\/\" \/>\n<meta property=\"og:locale\" content=\"lt_LT\" \/>\n<meta property=\"og:type\" content=\"article\" \/>\n<meta property=\"og:title\" content=\"Apie Mus - Vykelida-statyba.lt\" \/>\n<meta property=\"og:description\" content=\"Moderni ir lanksti statybin\u0117 bendrov\u0117 Lietuvoje, turinti ilgamet\u0119 patirt\u012f pastat\u0173 renovacijos srityje.\u00a0Kuri gali darb\u0105 atlikti nepriekai\u0161tingai, laiku ir kokybi\u0161kai, laikantis vis\u0173 normatyv\u0173. Patenkinti u\u017esakov\u0173 l\u016bkes\u010dius bei klient\u0173 poreikius, tod\u0117l didelis&hellip;\" \/>\n<meta property=\"og:url\" content=\"https:\/\/vykelida-statyba.lt\/statyba\/index.php\/pages\/about-us-2\/\" \/>\n<meta property=\"og:site_name\" content=\"Vykelida-statyba.lt\" \/>\n<meta property=\"article:modified_time\" content=\"2022-01-13T14:59:44+00:00\" \/>\n<meta name=\"twitter:card\" content=\"summary_large_image\" \/>\n<script type=\"application\/ld+json\" class=\"yoast-schema-graph\">{\"@context\":\"https:\/\/schema.org\",\"@graph\":[{\"@type\":\"WebSite\",\"@id\":\"https:\/\/vykelida-statyba.lt\/statyba\/#website\",\"url\":\"https:\/\/vykelida-statyba.lt\/statyba\/\",\"name\":\"Vykelida-statyba.lt\",\"description\":\"statybos darbai\",\"potentialAction\":[{\"@type\":\"SearchAction\",\"target\":{\"@type\":\"EntryPoint\",\"urlTemplate\":\"https:\/\/vykelida-statyba.lt\/statyba\/?s={search_term_string}\"},\"query-input\":\"required name=search_term_string\"}],\"inLanguage\":\"lt-LT\"},{\"@type\":\"WebPage\",\"@id\":\"https:\/\/vykelida-statyba.lt\/statyba\/index.php\/pages\/about-us-2\/#webpage\",\"url\":\"https:\/\/vykelida-statyba.lt\/statyba\/index.php\/pages\/about-us-2\/\",\"name\":\"Apie Mus - Vykelida-statyba.lt\",\"isPartOf\":{\"@id\":\"https:\/\/vykelida-statyba.lt\/statyba\/#website\"},\"datePublished\":\"2014-08-26T08:32:28+00:00\",\"dateModified\":\"2022-01-13T14:59:44+00:00\",\"breadcrumb\":{\"@id\":\"https:\/\/vykelida-statyba.lt\/statyba\/index.php\/pages\/about-us-2\/#breadcrumb\"},\"inLanguage\":\"lt-LT\",\"potentialAction\":[{\"@type\":\"ReadAction\",\"target\":[\"https:\/\/vykelida-statyba.lt\/statyba\/index.php\/pages\/about-us-2\/\"]}]},{\"@type\":\"BreadcrumbList\",\"@id\":\"https:\/\/vykelida-statyba.lt\/statyba\/index.php\/pages\/about-us-2\/#breadcrumb\",\"itemListElement\":[{\"@type\":\"ListItem\",\"position\":1,\"name\":\"Home\",\"item\":\"https:\/\/vykelida-statyba.lt\/statyba\/\"},{\"@type\":\"ListItem\",\"position\":2,\"name\":\"Pages\",\"item\":\"https:\/\/vykelida-statyba.lt\/statyba\/index.php\/pages\/\"},{\"@type\":\"ListItem\",\"position\":3,\"name\":\"Apie Mus\"}]}]}<\/script>\n<!-- \/ Yoast SEO plugin. -->","yoast_head_json":{"title":"Apie Mus - Vykelida-statyba.lt","robots":{"index":"index","follow":"follow","max-snippet":"max-snippet:-1","max-image-preview":"max-image-preview:large","max-video-preview":"max-video-preview:-1"},"canonical":"https:\/\/vykelida-statyba.lt\/statyba\/index.php\/pages\/about-us-2\/","og_locale":"lt_LT","og_type":"article","og_title":"Apie Mus - Vykelida-statyba.lt","og_description":"Moderni ir lanksti statybin\u0117 bendrov\u0117 Lietuvoje, turinti ilgamet\u0119 patirt\u012f pastat\u0173 renovacijos srityje.\u00a0Kuri gali darb\u0105 atlikti nepriekai\u0161tingai, laiku ir kokybi\u0161kai, laikantis vis\u0173 normatyv\u0173. Patenkinti u\u017esakov\u0173 l\u016bkes\u010dius bei klient\u0173 poreikius, tod\u0117l didelis&hellip;","og_url":"https:\/\/vykelida-statyba.lt\/statyba\/index.php\/pages\/about-us-2\/","og_site_name":"Vykelida-statyba.lt","article_modified_time":"2022-01-13T14:59:44+00:00","twitter_card":"summary_large_image","schema":{"@context":"https:\/\/schema.org","@graph":[{"@type":"WebSite","@id":"https:\/\/vykelida-statyba.lt\/statyba\/#website","url":"https:\/\/vykelida-statyba.lt\/statyba\/","name":"Vykelida-statyba.lt","description":"statybos darbai","potentialAction":[{"@type":"SearchAction","target":{"@type":"EntryPoint","urlTemplate":"https:\/\/vykelida-statyba.lt\/statyba\/?s={search_term_string}"},"query-input":"required name=search_term_string"}],"inLanguage":"lt-LT"},{"@type":"WebPage","@id":"https:\/\/vykelida-statyba.lt\/statyba\/index.php\/pages\/about-us-2\/#webpage","url":"https:\/\/vykelida-statyba.lt\/statyba\/index.php\/pages\/about-us-2\/","name":"Apie Mus - Vykelida-statyba.lt","isPartOf":{"@id":"https:\/\/vykelida-statyba.lt\/statyba\/#website"},"datePublished":"2014-08-26T08:32:28+00:00","dateModified":"2022-01-13T14:59:44+00:00","breadcrumb":{"@id":"https:\/\/vykelida-statyba.lt\/statyba\/index.php\/pages\/about-us-2\/#breadcrumb"},"inLanguage":"lt-LT","potentialAction":[{"@type":"ReadAction","target":["https:\/\/vykelida-statyba.lt\/statyba\/index.php\/pages\/about-us-2\/"]}]},{"@type":"BreadcrumbList","@id":"https:\/\/vykelida-statyba.lt\/statyba\/index.php\/pages\/about-us-2\/#breadcrumb","itemListElement":[{"@type":"ListItem","position":1,"name":"Home","item":"https:\/\/vykelida-statyba.lt\/statyba\/"},{"@type":"ListItem","position":2,"name":"Pages","item":"https:\/\/vykelida-statyba.lt\/statyba\/index.php\/pages\/"},{"@type":"ListItem","position":3,"name":"Apie Mus"}]}]}},"_links":{"self":[{"href":"https:\/\/vykelida-statyba.lt\/statyba\/index.php\/wp-json\/wp\/v2\/pages\/4074","targetHints":{"allow":["GET"]}}],"collection":[{"href":"https:\/\/vykelida-statyba.lt\/statyba\/index.php\/wp-json\/wp\/v2\/pages"}],"about":[{"href":"https:\/\/vykelida-statyba.lt\/statyba\/index.php\/wp-json\/wp\/v2\/types\/page"}],"author":[{"embeddable":true,"href":"https:\/\/vykelida-statyba.lt\/statyba\/index.php\/wp-json\/wp\/v2\/users\/4"}],"replies":[{"embeddable":true,"href":"https:\/\/vykelida-statyba.lt\/statyba\/index.php\/wp-json\/wp\/v2\/comments?post=4074"}],"version-history":[{"count":1,"href":"https:\/\/vykelida-statyba.lt\/statyba\/index.php\/wp-json\/wp\/v2\/pages\/4074\/revisions"}],"predecessor-version":[{"id":8211,"href":"https:\/\/vykelida-statyba.lt\/statyba\/index.php\/wp-json\/wp\/v2\/pages\/4074\/revisions\/8211"}],"up":[{"embeddable":true,"href":"https:\/\/vykelida-statyba.lt\/statyba\/index.php\/wp-json\/wp\/v2\/pages\/4022"}],"wp:attachment":[{"href":"https:\/\/vykelida-statyba.lt\/statyba\/index.php\/wp-json\/wp\/v2\/media?parent=4074"}],"curies":[{"name":"wp","href":"https:\/\/api.w.org\/{rel}","templated":true}]}}